{"id":454,"date":"2026-04-14T12:39:03","date_gmt":"2026-04-14T12:39:03","guid":{"rendered":"https:\/\/saojosedalaje.al.gov.br\/?page_id=454"},"modified":"2026-04-14T12:39:03","modified_gmt":"2026-04-14T12:39:03","slug":"sao-jose-da-laje-se-destaca-nacionalmente-entre-os-122-municipios-brasileiros-e-os-4-alagoanos-com-100-de-criancas-alfabetizadas","status":"publish","type":"page","link":"https:\/\/saojosedalaje.al.gov.br\/?page_id=454","title":{"rendered":"S\u00e3o Jos\u00e9 da Laje se destaca nacionalmente entre os 122 munic\u00edpios brasileiros e os 4 alagoanos com 100% de crian\u00e7as alfabetizadas"},"content":{"rendered":"\n<figure class=\"wp-block-image size-large\"><img loading=\"lazy\" decoding=\"async\" width=\"1024\" height=\"683\" src=\"https:\/\/saojosedalaje.al.gov.br\/wp-content\/uploads\/2026\/04\/IMG_7750.JPG-1024x683.jpeg\" alt=\"\" class=\"wp-image-453\" srcset=\"https:\/\/saojosedalaje.al.gov.br\/wp-content\/uploads\/2026\/04\/IMG_7750.JPG-1024x683.jpeg 1024w, https:\/\/saojosedalaje.al.gov.br\/wp-content\/uploads\/2026\/04\/IMG_7750.JPG-300x200.jpeg 300w, https:\/\/saojosedalaje.al.gov.br\/wp-content\/uploads\/2026\/04\/IMG_7750.JPG-768x512.jpeg 768w, https:\/\/saojosedalaje.al.gov.br\/wp-content\/uploads\/2026\/04\/IMG_7750.JPG-1536x1024.jpeg 1536w, https:\/\/saojosedalaje.al.gov.br\/wp-content\/uploads\/2026\/04\/IMG_7750.JPG-2048x1365.jpeg 2048w\" sizes=\"auto, (max-width: 1024px) 100vw, 1024px\" \/><\/figure>\n\n\n\n<p>Na \u00faltima semana, S\u00e3o Jos\u00e9 da Laje mais uma vez, recebeu uma honraria que deixa a Gest\u00e3o Municipal muito orgulho e consciente do trabalho que vem desenvolvendo, especialmente, ao se voltar \u00e0 base, ou seja, ao investimento maci\u00e7o nos anos iniciais do ensino fundamental.<\/p>\n\n\n\n<p>Os estudantes lajenses ganham destaque entre os \u00fanicos 4 munic\u00edpios alagoanos, num escasso n\u00famero de apenas 122 em n\u00edvel nacional, a ser condecorado pelo compromisso com a alfabetiza\u00e7\u00e3o na idade certa, com 100% de crian\u00e7as alfabetizadas em 2025.<\/p>\n\n\n\n<p>Por meio das redes sociais, a prefeita Angela Vanessa e a vice-prefeita Ravena de Neno, descartam que: \u201ca import\u00e2ncia do alcance que t\u00eam tido as pol\u00edticas p\u00fablicas municipais, na gest\u00e3o, a partir de um trabalho coletivo, que se consolida por meio muito compromisso.<\/p>\n\n\n\n<p>Para a Secret\u00e1ria Glaudes Souza,<br>\u201cacompanhar, de perto, essa evolu\u00e7\u00e3o representa o quanto todos n\u00f3s temos feito um trabalho em sintonia, alinhado \u00e0 supera\u00e7\u00e3o das dificuldades de alfabetiza\u00e7\u00e3o, em cen\u00e1rio nacional, o que nos imprime uma maior responsabilidade a cada ano, estamos todos de parab\u00e9ns pela seriedade com que elevamos a nossa Educa\u00e7\u00e3o \u00e0 campe\u00e3\u201d, finaliza a secret\u00e1ria.<\/p>\n","protected":false},"excerpt":{"rendered":"<p>Na \u00faltima semana, S\u00e3o Jos\u00e9 da Laje mais uma vez, recebeu uma honraria que deixa a Gest\u00e3o Municipal muito orgulho e consciente do trabalho que vem desenvolvendo, especialmente, ao se voltar \u00e0 base, ou seja, ao investimento maci\u00e7o nos anos iniciais do ensino fundamental. Os estudantes lajenses ganham destaque entre os \u00fanicos 4 munic\u00edpios alagoanos, [&hellip;]<\/p>\n","protected":false},"author":3,"featured_media":0,"parent":0,"menu_order":0,"comment_status":"closed","ping_status":"closed","template":"","meta":{"ngg_post_thumbnail":0,"footnotes":""},"class_list":["post-454","page","type-page","status-publish","hentry"],"_links":{"self":[{"href":"https:\/\/saojosedalaje.al.gov.br\/index.php?rest_route=\/wp\/v2\/pages\/454","targetHints":{"allow":["GET"]}}],"collection":[{"href":"https:\/\/saojosedalaje.al.gov.br\/index.php?rest_route=\/wp\/v2\/pages"}],"about":[{"href":"https:\/\/saojosedalaje.al.gov.br\/index.php?rest_route=\/wp\/v2\/types\/page"}],"author":[{"embeddable":true,"href":"https:\/\/saojosedalaje.al.gov.br\/index.php?rest_route=\/wp\/v2\/users\/3"}],"replies":[{"embeddable":true,"href":"https:\/\/saojosedalaje.al.gov.br\/index.php?rest_route=%2Fwp%2Fv2%2Fcomments&post=454"}],"version-history":[{"count":1,"href":"https:\/\/saojosedalaje.al.gov.br\/index.php?rest_route=\/wp\/v2\/pages\/454\/revisions"}],"predecessor-version":[{"id":455,"href":"https:\/\/saojosedalaje.al.gov.br\/index.php?rest_route=\/wp\/v2\/pages\/454\/revisions\/455"}],"wp:attachment":[{"href":"https:\/\/saojosedalaje.al.gov.br\/index.php?rest_route=%2Fwp%2Fv2%2Fmedia&parent=454"}],"curies":[{"name":"wp","href":"https:\/\/api.w.org\/{rel}","templated":true}]}}